{"id":4,"date":"2016-10-11T08:23:04","date_gmt":"2016-10-11T08:23:04","guid":{"rendered":"http:\/\/mir.stie-mce.ac.id\/?page_id=4"},"modified":"2023-02-17T16:13:10","modified_gmt":"2023-02-17T09:13:10","slug":"profile","status":"publish","type":"page","link":"http:\/\/mir.stie-mce.ac.id\/en\/profile\/","title":{"rendered":"Profile"},"content":{"rendered":"<p><span style=\"font-weight: 400;\">Malang is the second biggest city in East Java after Surabaya.<\/span> <span style=\"font-weight: 400;\">Malang also known\u00a0as tourist destination city, education, and industrial city. Malang has several strategic advantages, geographically beautiful, surrounding by mountains and several rivers passed through. The temperature is moderated by the altitude, 22-24 degree Celcius in average, as the city is located at 476 m above sea level.<\/span><\/p>\n<p><span style=\"font-weight: 400;\">There are four big public universities in Malang, State University of Malang (Universitas Negeri Malang), Brawijaya University (Universitas Brawijaya), State Islamic University Maulana Malik Ibrahim (UIN Maulana Malik Ibrahim Malang) , and State Polytechnic of Malang (Politeknik Negeri Malang). There are also many private universities in Malang, and one of best is STIE Malangku\u00e7e\u00e7wara Malang or Malangku\u00e7e\u00e7wara School\u00a0of Economics.<\/span><\/p>\n<p><span style=\"font-weight: 400;\">STIE Malangku\u00e7e\u00e7wara Malang has a vision to become a business\u00a0college with global orientation and focused on conducive academic environment through good governance. \u00a0And our missions\u00a0are conducting learning process and community services\u00a0with global oriented and also based on technology advancement. In order to achieve it,\u00a0STIE Malangku\u00e7e\u00e7wara Malang formed the Malangku\u00e7e\u00e7wara International Relationship (MIR) Center on November 2015 with Dwi Nita Ariani, Ph.D acted as leader. MIR handle activities related with student, staff and lecturer exchange with foreign universities; broadening collaborative for training, research; summer program; guest lecturer from foreign universities.<\/span><\/p>\n<h2>MIR Vision<\/h2>\n<p>Becoming effective practice MIR through internationalization programs that support STIE Malangku\u00e7e\u00e7wara\u2019s vision<\/p>\n<h2>MIR Mission<\/h2>\n<ul>\n<li>Conducting global-oriented learning aid<\/li>\n<li>Conducting globally oriented research aid<\/li>\n<li>Conducting globally oriented community service aid<\/li>\n<li>Initiating and developing international network with foreign universities or institutions in the academic field.<\/li>\n<li>Initiating and developing network with multinational companies.<\/li>\n<\/ul>\n<h3>Purposes<\/h3>\n<ul>\n<li>Improving students&#8217; ability in foreign language actively.<\/li>\n<li>Increasing international research collaboration<\/li>\n<li>Mediating international activities for community services<\/li>\n<li>Improving international atmosphere on campus<\/li>\n<li>Increasing collaboration with the companies that have international involvement<\/li>\n<\/ul>\n<h3>Objectives<\/h3>\n<ul>\n<li>Industrial visit\u00a0to foreign country<\/li>\n<li>Increasing the number of students, staff and foreign lecturers study in STIE Malangkucecwara annually.<\/li>\n<li>Increasing the number of joint research and periodically international research.<\/li>\n<li>Increasing the number and types of collaboration with domestic and foreign institutions.<\/li>\n<\/ul>\n","protected":false},"excerpt":{"rendered":"<p>Malang is the second biggest city in East Java after Surabaya. Malang also known\u00a0as tourist destination city, education, and industrial city. Malang has several strategic advantages, geographically beautiful, surrounding by mountains and several rivers&#46;&#46;&#46;<\/p>\n","protected":false},"author":1,"featured_media":636,"parent":0,"menu_order":0,"comment_status":"closed","ping_status":"closed","template":"","meta":{"_joinchat":[]},"translation":{"provider":"WPGlobus","version":"3.0.0","language":"en","enabled_languages":["id","en"],"languages":{"id":{"title":true,"content":true,"excerpt":false},"en":{"title":true,"content":true,"excerpt":false}}},"jetpack_sharing_enabled":true,"jetpack_shortlink":"https:\/\/wp.me\/P7ZLrd-4","_links":{"self":[{"href":"http:\/\/mir.stie-mce.ac.id\/en\/wp-json\/wp\/v2\/pages\/4"}],"collection":[{"href":"http:\/\/mir.stie-mce.ac.id\/en\/wp-json\/wp\/v2\/pages"}],"about":[{"href":"http:\/\/mir.stie-mce.ac.id\/en\/wp-json\/wp\/v2\/types\/page"}],"author":[{"embeddable":true,"href":"http:\/\/mir.stie-mce.ac.id\/en\/wp-json\/wp\/v2\/users\/1"}],"replies":[{"embeddable":true,"href":"http:\/\/mir.stie-mce.ac.id\/en\/wp-json\/wp\/v2\/comments?post=4"}],"version-history":[{"count":0,"href":"http:\/\/mir.stie-mce.ac.id\/en\/wp-json\/wp\/v2\/pages\/4\/revisions"}],"wp:featuredmedia":[{"embeddable":true,"href":"http:\/\/mir.stie-mce.ac.id\/en\/wp-json\/wp\/v2\/media\/636"}],"wp:attachment":[{"href":"http:\/\/mir.stie-mce.ac.id\/en\/wp-json\/wp\/v2\/media?parent=4"}],"curies":[{"name":"wp","href":"https:\/\/api.w.org\/{rel}","templated":true}]}}