{"id":98,"date":"2016-11-07T15:21:12","date_gmt":"2016-11-07T08:21:12","guid":{"rendered":"http:\/\/mir.stie-mce.ac.id\/?page_id=98"},"modified":"2019-05-29T15:20:38","modified_gmt":"2019-05-29T08:20:38","slug":"alliances","status":"publish","type":"page","link":"https:\/\/mir.stie-mce.ac.id\/en\/alliances\/","title":{"rendered":"Alliance"},"content":{"rendered":"<h1>International Alliance<\/h1>\n<p>STIE Malangkucecwara collaborating with international universities, such as:<\/p>\n<p><strong>Solbridge International School of Business, <\/strong>and<strong> Woosong University, Korea.<\/strong> <a href=\"http:\/\/web.stie-mce.ac.id\/2010\/04\/23\/stie-mce-gandeng-kampus-korea\/\">In 2010 STIE Malangku\u00e7e\u00e7wara Malang has signed MoU<\/a> for: faculty staff and or students exchange; scientific materials exchange, publications; lectures\/presentations exchange via video conference; joint conferences, academic programs, cultural activities; joint research activities and publications, and joint academic collaborative programs.<\/p>\n<p><strong>Kanda University of International Studies (KUIS) Japan<\/strong>. \u00a0Since 2002, through <a href=\"http:\/\/web.stie-mce.ac.id\/tag\/isp\/\">&#8220;Bunga and Matahari Programs&#8221;<\/a> run\u00a0by\u00a0<a href=\"http:\/\/isp.stie-mce.ac.id\">ISP (Indonesia Studies Program)<\/a>, STIE Malangkucecwara has accepted students from KUIS to learn Indonesian language and culture for one month. In 2013, this program strengthen by MoU that consists of collaboration to send KUIS\u2019s students to STIE Malangku\u00e7e\u00e7wara Malang for learning Indonesian language and culture for one year and also STIE Malangku\u00e7e\u00e7wara Malang\u2019s students to KUIS.<\/p>\n<p><strong>The Faculty of Commerce, University of Wollongong, Australia<\/strong>. In 1997, STIE Malangku\u00e7e\u00e7wara Malang has signed MoU to have collaboration in joint research activities; exchange of faculty members for research, lectures and discussion; reception of graduate and undergraduate students for study and research; dual degree. In 2012, STIE Malangkucecwara\u2019s staff studies about library management in University of Wollongong.<\/p>\n<p>Having\u00a0collaboration with <a href=\"http:\/\/web.stie-mce.ac.id\/2015\/05\/20\/stie-malangkucecwara-abm-ajak-kanda-university-dan-wako-university-jepang-kerja-sama\/\"><strong>Wako University, Japan<\/strong><\/a>; <a href=\"http:\/\/web.stie-mce.ac.id\/2016\/10\/27\/gelar-joint-summer-dengan-universitas-sains-islam-malaysia\/\"><strong>Universiti Sains Islam, Malaysia<\/strong><\/a>; <strong><a href=\"http:\/\/www.ic.rmutk.ac.th\">Rajamangala University of Technology Krungthep, Thailand<\/a><\/strong>; \u00a0for joint summer program, also <strong>University of Portsmouth\u00a0<\/strong>and<strong> University of Gloucestershire, United Kingdom, <a href=\"https:\/\/iiit.org\/\">International Institute of Islamic Thought<\/a><\/strong>\u00a0for \u00a0joint research.<\/p>\n<div class=\"tiled-gallery type-rectangular tiled-gallery-unresized\" data-original-width=\"500\" data-carousel-extra='{&quot;blog_id&quot;:1,&quot;permalink&quot;:&quot;https:\\\/\\\/mir.stie-mce.ac.id\\\/en\\\/alliances\\\/&quot;,&quot;likes_blog_id&quot;:118154715}' itemscope itemtype=\"http:\/\/schema.org\/ImageGallery\" > <div class=\"gallery-row\" style=\"width: 500px; height: 236px;\" data-original-width=\"500\" data-original-height=\"236\" > <div class=\"gallery-group images-3\" style=\"width: 271px; height: 236px;\" data-original-width=\"271\" data-original-height=\"236\" > <div class=\"tiled-gallery-item tiled-gallery-item-large\" itemprop=\"associatedMedia\" itemscope itemtype=\"http:\/\/schema.org\/ImageObject\"> <a href=\"https:\/\/mir.stie-mce.ac.id\/en\/alliances\/university_of_gloucestershire_logo-svg\/\" border=\"0\" itemprop=\"url\"> <meta itemprop=\"width\" content=\"267\"> <meta itemprop=\"height\" content=\"92\"> <img data-attachment-id=\"126\" data-orig-file=\"https:\/\/mir.stie-mce.ac.id\/wp-content\/uploads\/2016\/11\/University_of_Gloucestershire_logo.svg_.png\" data-orig-size=\"2000,684\" data-comments-opened=\"\" data-image-meta=\"{&quot;aperture&quot;:&quot;0&quot;,&quot;credit&quot;:&quot;&quot;,&quot;camera&quot;:&quot;&quot;,&quot;caption&quot;:&quot;&quot;,&quot;created_timestamp&quot;:&quot;0&quot;,&quot;copyright&quot;:&quot;&quot;,&quot;focal_length&quot;:&quot;0&quot;,&quot;iso&quot;:&quot;0&quot;,&quot;shutter_speed&quot;:&quot;0&quot;,&quot;title&quot;:&quot;&quot;,&quot;orientation&quot;:&quot;0&quot;}\" data-image-title=\"university_of_gloucestershire_logo-svg\" data-image-description=\"\" data-medium-file=\"https:\/\/i0.wp.com\/mir.stie-mce.ac.id\/wp-content\/uploads\/2016\/11\/University_of_Gloucestershire_logo.svg_.png?fit=300%2C103&#038;ssl=1\" data-large-file=\"https:\/\/i0.wp.com\/mir.stie-mce.ac.id\/wp-content\/uploads\/2016\/11\/University_of_Gloucestershire_logo.svg_.png?fit=1024%2C350&#038;ssl=1\" src=\"https:\/\/i0.wp.com\/mir.stie-mce.ac.id\/wp-content\/uploads\/2016\/11\/University_of_Gloucestershire_logo.svg_.png?w=267&#038;h=92&#038;ssl=1\" width=\"267\" height=\"92\" data-original-width=\"267\" data-original-height=\"92\" itemprop=\"http:\/\/schema.org\/image\" title=\"university_of_gloucestershire_logo-svg\" alt=\"university_of_gloucestershire_logo-svg\" style=\"width: 267px; height: 92px;\" \/> <\/a> <\/div> <div class=\"tiled-gallery-item tiled-gallery-item-large\" itemprop=\"associatedMedia\" itemscope itemtype=\"http:\/\/schema.org\/ImageObject\"> <a href=\"https:\/\/mir.stie-mce.ac.id\/en\/alliances\/global_wako\/\" border=\"0\" itemprop=\"url\"> <meta itemprop=\"width\" content=\"267\"> <meta itemprop=\"height\" content=\"92\"> <img data-attachment-id=\"123\" data-orig-file=\"https:\/\/mir.stie-mce.ac.id\/wp-content\/uploads\/2016\/11\/global_wako.gif\" data-orig-size=\"197,68\" data-comments-opened=\"\" data-image-meta=\"{&quot;aperture&quot;:&quot;0&quot;,&quot;credit&quot;:&quot;&quot;,&quot;camera&quot;:&quot;&quot;,&quot;caption&quot;:&quot;&quot;,&quot;created_timestamp&quot;:&quot;0&quot;,&quot;copyright&quot;:&quot;&quot;,&quot;focal_length&quot;:&quot;0&quot;,&quot;iso&quot;:&quot;0&quot;,&quot;shutter_speed&quot;:&quot;0&quot;,&quot;title&quot;:&quot;&quot;,&quot;orientation&quot;:&quot;0&quot;}\" data-image-title=\"global_wako\" data-image-description=\"\" data-medium-file=\"https:\/\/i0.wp.com\/mir.stie-mce.ac.id\/wp-content\/uploads\/2016\/11\/global_wako.gif?fit=197%2C68&#038;ssl=1\" data-large-file=\"https:\/\/i0.wp.com\/mir.stie-mce.ac.id\/wp-content\/uploads\/2016\/11\/global_wako.gif?fit=197%2C68&#038;ssl=1\" src=\"https:\/\/i0.wp.com\/mir.stie-mce.ac.id\/wp-content\/uploads\/2016\/11\/global_wako.gif?w=267&#038;h=92&#038;ssl=1\" width=\"267\" height=\"92\" data-original-width=\"267\" data-original-height=\"92\" itemprop=\"http:\/\/schema.org\/image\" title=\"global_wako\" alt=\"global_wako\" style=\"width: 267px; height: 92px;\" \/> <\/a> <\/div> <div class=\"tiled-gallery-item tiled-gallery-item-large\" itemprop=\"associatedMedia\" itemscope itemtype=\"http:\/\/schema.org\/ImageObject\"> <a href=\"https:\/\/mir.stie-mce.ac.id\/en\/alliances\/logo-usim-header\/\" border=\"0\" itemprop=\"url\"> <meta itemprop=\"width\" content=\"267\"> <meta itemprop=\"height\" content=\"40\"> <img data-attachment-id=\"124\" data-orig-file=\"https:\/\/mir.stie-mce.ac.id\/wp-content\/uploads\/2016\/11\/LOGO-USIM-HEADER.png\" data-orig-size=\"365,55\" data-comments-opened=\"\" data-image-meta=\"{&quot;aperture&quot;:&quot;0&quot;,&quot;credit&quot;:&quot;&quot;,&quot;camera&quot;:&quot;&quot;,&quot;caption&quot;:&quot;&quot;,&quot;created_timestamp&quot;:&quot;0&quot;,&quot;copyright&quot;:&quot;&quot;,&quot;focal_length&quot;:&quot;0&quot;,&quot;iso&quot;:&quot;0&quot;,&quot;shutter_speed&quot;:&quot;0&quot;,&quot;title&quot;:&quot;&quot;,&quot;orientation&quot;:&quot;0&quot;}\" data-image-title=\"logo-usim-header\" data-image-description=\"\" data-medium-file=\"https:\/\/i0.wp.com\/mir.stie-mce.ac.id\/wp-content\/uploads\/2016\/11\/LOGO-USIM-HEADER.png?fit=300%2C45&#038;ssl=1\" data-large-file=\"https:\/\/i0.wp.com\/mir.stie-mce.ac.id\/wp-content\/uploads\/2016\/11\/LOGO-USIM-HEADER.png?fit=365%2C55&#038;ssl=1\" src=\"https:\/\/i0.wp.com\/mir.stie-mce.ac.id\/wp-content\/uploads\/2016\/11\/LOGO-USIM-HEADER.png?w=267&#038;h=40&#038;ssl=1\" width=\"267\" height=\"40\" data-original-width=\"267\" data-original-height=\"40\" itemprop=\"http:\/\/schema.org\/image\" title=\"logo-usim-header\" alt=\"logo-usim-header\" style=\"width: 267px; height: 40px;\" \/> <\/a> <\/div> <\/div> <!-- close group --> <div class=\"gallery-group images-4\" style=\"width: 86px; height: 236px;\" data-original-width=\"86\" data-original-height=\"236\" > <div class=\"tiled-gallery-item tiled-gallery-item-small\" itemprop=\"associatedMedia\" itemscope itemtype=\"http:\/\/schema.org\/ImageObject\"> <a href=\"https:\/\/mir.stie-mce.ac.id\/en\/alliances\/logo-university-of-portsmouth\/\" border=\"0\" itemprop=\"url\"> <meta itemprop=\"width\" content=\"82\"> <meta itemprop=\"height\" content=\"71\"> <img data-attachment-id=\"125\" data-orig-file=\"https:\/\/mir.stie-mce.ac.id\/wp-content\/uploads\/2016\/11\/logo-University-of-Portsmouth-e1478581226598.png\" data-orig-size=\"142,122\" data-comments-opened=\"\" data-image-meta=\"{&quot;aperture&quot;:&quot;0&quot;,&quot;credit&quot;:&quot;&quot;,&quot;camera&quot;:&quot;&quot;,&quot;caption&quot;:&quot;&quot;,&quot;created_timestamp&quot;:&quot;0&quot;,&quot;copyright&quot;:&quot;&quot;,&quot;focal_length&quot;:&quot;0&quot;,&quot;iso&quot;:&quot;0&quot;,&quot;shutter_speed&quot;:&quot;0&quot;,&quot;title&quot;:&quot;&quot;,&quot;orientation&quot;:&quot;0&quot;}\" data-image-title=\"logo-university-of-portsmouth\" data-image-description=\"\" data-medium-file=\"https:\/\/i0.wp.com\/mir.stie-mce.ac.id\/wp-content\/uploads\/2016\/11\/logo-University-of-Portsmouth-e1478581226598.png?fit=142%2C122&#038;ssl=1\" data-large-file=\"https:\/\/i0.wp.com\/mir.stie-mce.ac.id\/wp-content\/uploads\/2016\/11\/logo-University-of-Portsmouth-e1478581226598.png?fit=142%2C122&#038;ssl=1\" src=\"https:\/\/i0.wp.com\/mir.stie-mce.ac.id\/wp-content\/uploads\/2016\/11\/logo-University-of-Portsmouth-e1478581226598.png?w=82&#038;h=71&#038;ssl=1\" width=\"82\" height=\"71\" data-original-width=\"82\" data-original-height=\"71\" itemprop=\"http:\/\/schema.org\/image\" title=\"logo-university-of-portsmouth\" alt=\"logo-university-of-portsmouth\" style=\"width: 82px; height: 71px;\" \/> <\/a> <\/div> <div class=\"tiled-gallery-item tiled-gallery-item-small\" itemprop=\"associatedMedia\" itemscope itemtype=\"http:\/\/schema.org\/ImageObject\"> <a href=\"https:\/\/mir.stie-mce.ac.id\/en\/alliances\/logo-uow\/\" border=\"0\" itemprop=\"url\"> <meta itemprop=\"width\" content=\"82\"> <meta itemprop=\"height\" content=\"27\"> <img data-attachment-id=\"122\" data-orig-file=\"https:\/\/mir.stie-mce.ac.id\/wp-content\/uploads\/2016\/11\/logo-uow.png\" data-orig-size=\"464,150\" data-comments-opened=\"\" data-image-meta=\"{&quot;aperture&quot;:&quot;0&quot;,&quot;credit&quot;:&quot;&quot;,&quot;camera&quot;:&quot;&quot;,&quot;caption&quot;:&quot;&quot;,&quot;created_timestamp&quot;:&quot;0&quot;,&quot;copyright&quot;:&quot;&quot;,&quot;focal_length&quot;:&quot;0&quot;,&quot;iso&quot;:&quot;0&quot;,&quot;shutter_speed&quot;:&quot;0&quot;,&quot;title&quot;:&quot;&quot;,&quot;orientation&quot;:&quot;0&quot;}\" data-image-title=\"logo-uow\" data-image-description=\"\" data-medium-file=\"https:\/\/i0.wp.com\/mir.stie-mce.ac.id\/wp-content\/uploads\/2016\/11\/logo-uow.png?fit=300%2C97&#038;ssl=1\" data-large-file=\"https:\/\/i0.wp.com\/mir.stie-mce.ac.id\/wp-content\/uploads\/2016\/11\/logo-uow.png?fit=464%2C150&#038;ssl=1\" src=\"https:\/\/i0.wp.com\/mir.stie-mce.ac.id\/wp-content\/uploads\/2016\/11\/logo-uow.png?w=82&#038;h=27&#038;ssl=1\" width=\"82\" height=\"27\" data-original-width=\"82\" data-original-height=\"27\" itemprop=\"http:\/\/schema.org\/image\" title=\"logo-uow\" alt=\"logo-uow\" style=\"width: 82px; height: 27px;\" \/> <\/a> <\/div> <div class=\"tiled-gallery-item tiled-gallery-item-small\" itemprop=\"associatedMedia\" itemscope itemtype=\"http:\/\/schema.org\/ImageObject\"> <a href=\"https:\/\/mir.stie-mce.ac.id\/en\/alliances\/kanda-university\/\" border=\"0\" itemprop=\"url\"> <meta itemprop=\"width\" content=\"82\"> <meta itemprop=\"height\" content=\"84\"> <img data-attachment-id=\"121\" data-orig-file=\"https:\/\/mir.stie-mce.ac.id\/wp-content\/uploads\/2016\/11\/kanda-university-e1478581191982.gif\" data-orig-size=\"335,344\" data-comments-opened=\"\" data-image-meta=\"{&quot;aperture&quot;:&quot;0&quot;,&quot;credit&quot;:&quot;&quot;,&quot;camera&quot;:&quot;&quot;,&quot;caption&quot;:&quot;&quot;,&quot;created_timestamp&quot;:&quot;0&quot;,&quot;copyright&quot;:&quot;&quot;,&quot;focal_length&quot;:&quot;0&quot;,&quot;iso&quot;:&quot;0&quot;,&quot;shutter_speed&quot;:&quot;0&quot;,&quot;title&quot;:&quot;&quot;,&quot;orientation&quot;:&quot;0&quot;}\" data-image-title=\"kanda-university\" data-image-description=\"\" data-medium-file=\"https:\/\/i0.wp.com\/mir.stie-mce.ac.id\/wp-content\/uploads\/2016\/11\/kanda-university-e1478581191982.gif?fit=292%2C300&#038;ssl=1\" data-large-file=\"https:\/\/i0.wp.com\/mir.stie-mce.ac.id\/wp-content\/uploads\/2016\/11\/kanda-university-e1478581191982.gif?fit=335%2C344&#038;ssl=1\" src=\"https:\/\/i0.wp.com\/mir.stie-mce.ac.id\/wp-content\/uploads\/2016\/11\/kanda-university-e1478581191982.gif?w=82&#038;h=84&#038;ssl=1\" width=\"82\" height=\"84\" data-original-width=\"82\" data-original-height=\"84\" itemprop=\"http:\/\/schema.org\/image\" title=\"kanda-university\" alt=\"kanda-university\" style=\"width: 82px; height: 84px;\" \/> <\/a> <\/div> <div class=\"tiled-gallery-item tiled-gallery-item-small\" itemprop=\"associatedMedia\" itemscope itemtype=\"http:\/\/schema.org\/ImageObject\"> <a href=\"https:\/\/mir.stie-mce.ac.id\/en\/alliances\/logo-woosong\/\" border=\"0\" itemprop=\"url\"> <meta itemprop=\"width\" content=\"82\"> <meta itemprop=\"height\" content=\"38\"> <img data-attachment-id=\"120\" data-orig-file=\"https:\/\/mir.stie-mce.ac.id\/wp-content\/uploads\/2016\/11\/logo-woosong-e1478581159754.jpg\" data-orig-size=\"203,95\" data-comments-opened=\"\" data-image-meta=\"{&quot;aperture&quot;:&quot;0&quot;,&quot;credit&quot;:&quot;&quot;,&quot;camera&quot;:&quot;&quot;,&quot;caption&quot;:&quot;&quot;,&quot;created_timestamp&quot;:&quot;0&quot;,&quot;copyright&quot;:&quot;&quot;,&quot;focal_length&quot;:&quot;0&quot;,&quot;iso&quot;:&quot;0&quot;,&quot;shutter_speed&quot;:&quot;0&quot;,&quot;title&quot;:&quot;&quot;,&quot;orientation&quot;:&quot;0&quot;}\" data-image-title=\"logo-woosong\" data-image-description=\"\" data-medium-file=\"https:\/\/i0.wp.com\/mir.stie-mce.ac.id\/wp-content\/uploads\/2016\/11\/logo-woosong-e1478581159754.jpg?fit=203%2C95&#038;ssl=1\" data-large-file=\"https:\/\/i0.wp.com\/mir.stie-mce.ac.id\/wp-content\/uploads\/2016\/11\/logo-woosong-e1478581159754.jpg?fit=203%2C95&#038;ssl=1\" src=\"https:\/\/i0.wp.com\/mir.stie-mce.ac.id\/wp-content\/uploads\/2016\/11\/logo-woosong-e1478581159754.jpg?w=82&#038;h=38&#038;ssl=1\" width=\"82\" height=\"38\" data-original-width=\"82\" data-original-height=\"38\" itemprop=\"http:\/\/schema.org\/image\" title=\"logo-woosong\" alt=\"logo-woosong\" style=\"width: 82px; height: 38px;\" \/> <\/a> <\/div> <\/div> <!-- close group --> <div class=\"gallery-group images-3\" style=\"width: 143px; height: 236px;\" data-original-width=\"143\" data-original-height=\"236\" > <div class=\"tiled-gallery-item tiled-gallery-item-small\" itemprop=\"associatedMedia\" itemscope itemtype=\"http:\/\/schema.org\/ImageObject\"> <a href=\"https:\/\/mir.stie-mce.ac.id\/en\/alliances\/logo-solbridge\/\" border=\"0\" itemprop=\"url\"> <meta itemprop=\"width\" content=\"139\"> <meta itemprop=\"height\" content=\"36\"> <img data-attachment-id=\"119\" data-orig-file=\"https:\/\/mir.stie-mce.ac.id\/wp-content\/uploads\/2016\/11\/logo-solbridge.png\" data-orig-size=\"234,60\" data-comments-opened=\"\" data-image-meta=\"{&quot;aperture&quot;:&quot;0&quot;,&quot;credit&quot;:&quot;&quot;,&quot;camera&quot;:&quot;&quot;,&quot;caption&quot;:&quot;&quot;,&quot;created_timestamp&quot;:&quot;0&quot;,&quot;copyright&quot;:&quot;&quot;,&quot;focal_length&quot;:&quot;0&quot;,&quot;iso&quot;:&quot;0&quot;,&quot;shutter_speed&quot;:&quot;0&quot;,&quot;title&quot;:&quot;&quot;,&quot;orientation&quot;:&quot;0&quot;}\" data-image-title=\"logo-solbridge\" data-image-description=\"\" data-medium-file=\"https:\/\/i0.wp.com\/mir.stie-mce.ac.id\/wp-content\/uploads\/2016\/11\/logo-solbridge.png?fit=234%2C60&#038;ssl=1\" data-large-file=\"https:\/\/i0.wp.com\/mir.stie-mce.ac.id\/wp-content\/uploads\/2016\/11\/logo-solbridge.png?fit=234%2C60&#038;ssl=1\" src=\"https:\/\/i0.wp.com\/mir.stie-mce.ac.id\/wp-content\/uploads\/2016\/11\/logo-solbridge.png?w=139&#038;h=36&#038;ssl=1\" width=\"139\" height=\"36\" data-original-width=\"139\" data-original-height=\"36\" itemprop=\"http:\/\/schema.org\/image\" title=\"logo-solbridge\" alt=\"logo-solbridge\" style=\"width: 139px; height: 36px;\" \/> <\/a> <\/div> <div class=\"tiled-gallery-item tiled-gallery-item-small\" itemprop=\"associatedMedia\" itemscope itemtype=\"http:\/\/schema.org\/ImageObject\"> <a href=\"https:\/\/mir.stie-mce.ac.id\/en\/alliances\/rajamanggala\/\" border=\"0\" itemprop=\"url\"> <meta itemprop=\"width\" content=\"139\"> <meta itemprop=\"height\" content=\"138\"> <img data-attachment-id=\"563\" data-orig-file=\"https:\/\/mir.stie-mce.ac.id\/wp-content\/uploads\/2019\/05\/rajamanggala.png\" data-orig-size=\"150,150\" data-comments-opened=\"\" data-image-meta=\"{&quot;aperture&quot;:&quot;0&quot;,&quot;credit&quot;:&quot;&quot;,&quot;camera&quot;:&quot;&quot;,&quot;caption&quot;:&quot;&quot;,&quot;created_timestamp&quot;:&quot;0&quot;,&quot;copyright&quot;:&quot;&quot;,&quot;focal_length&quot;:&quot;0&quot;,&quot;iso&quot;:&quot;0&quot;,&quot;shutter_speed&quot;:&quot;0&quot;,&quot;title&quot;:&quot;&quot;,&quot;orientation&quot;:&quot;0&quot;}\" data-image-title=\"Rajamangala University of Technology Krungthep\" data-image-description=\"&lt;p&gt;Rajamangala University of Technology Krungthep&lt;\/p&gt; \" data-medium-file=\"https:\/\/i0.wp.com\/mir.stie-mce.ac.id\/wp-content\/uploads\/2019\/05\/rajamanggala.png?fit=150%2C150&#038;ssl=1\" data-large-file=\"https:\/\/i0.wp.com\/mir.stie-mce.ac.id\/wp-content\/uploads\/2019\/05\/rajamanggala.png?fit=150%2C150&#038;ssl=1\" src=\"https:\/\/i0.wp.com\/mir.stie-mce.ac.id\/wp-content\/uploads\/2019\/05\/rajamanggala.png?w=139&#038;h=138&#038;ssl=1\" width=\"139\" height=\"138\" data-original-width=\"139\" data-original-height=\"138\" itemprop=\"http:\/\/schema.org\/image\" title=\"Rajamangala University of Technology Krungthep\" alt=\"Rajamangala University of Technology Krungthep\" style=\"width: 139px; height: 138px;\" \/> <\/a> <div class=\"tiled-gallery-caption\" itemprop=\"caption description\"> Rajamangala University of Technology Krungthep <\/div> <\/div> <div class=\"tiled-gallery-item tiled-gallery-item-small\" itemprop=\"associatedMedia\" itemscope itemtype=\"http:\/\/schema.org\/ImageObject\"> <a href=\"https:\/\/mir.stie-mce.ac.id\/en\/alliances\/logo-iiit\/\" border=\"0\" itemprop=\"url\"> <meta itemprop=\"width\" content=\"139\"> <meta itemprop=\"height\" content=\"50\"> <img data-attachment-id=\"564\" data-orig-file=\"https:\/\/mir.stie-mce.ac.id\/wp-content\/uploads\/2019\/05\/logo-iiit.png\" data-orig-size=\"374,135\" data-comments-opened=\"\" data-image-meta=\"{&quot;aperture&quot;:&quot;0&quot;,&quot;credit&quot;:&quot;&quot;,&quot;camera&quot;:&quot;&quot;,&quot;caption&quot;:&quot;&quot;,&quot;created_timestamp&quot;:&quot;0&quot;,&quot;copyright&quot;:&quot;&quot;,&quot;focal_length&quot;:&quot;0&quot;,&quot;iso&quot;:&quot;0&quot;,&quot;shutter_speed&quot;:&quot;0&quot;,&quot;title&quot;:&quot;&quot;,&quot;orientation&quot;:&quot;0&quot;}\" data-image-title=\"International Institute of Islamic Thought\" data-image-description=\"&lt;p&gt;International Institute of Islamic Thought&lt;\/p&gt; \" data-medium-file=\"https:\/\/i0.wp.com\/mir.stie-mce.ac.id\/wp-content\/uploads\/2019\/05\/logo-iiit.png?fit=300%2C108&#038;ssl=1\" data-large-file=\"https:\/\/i0.wp.com\/mir.stie-mce.ac.id\/wp-content\/uploads\/2019\/05\/logo-iiit.png?fit=374%2C135&#038;ssl=1\" src=\"https:\/\/i0.wp.com\/mir.stie-mce.ac.id\/wp-content\/uploads\/2019\/05\/logo-iiit.png?w=139&#038;h=50&#038;ssl=1\" width=\"139\" height=\"50\" data-original-width=\"139\" data-original-height=\"50\" itemprop=\"http:\/\/schema.org\/image\" title=\"International Institute of Islamic Thought\" alt=\"International Institute of Islamic Thought\" style=\"width: 139px; height: 50px;\" \/> <\/a> <div class=\"tiled-gallery-caption\" itemprop=\"caption description\"> International Institute of Islamic Thought <\/div> <\/div> <\/div> <!-- close group --> <\/div> <!-- close row --> <\/div>\n","protected":false},"excerpt":{"rendered":"<p>International Alliance STIE Malangkucecwara collaborating with international universities, such as: Solbridge International School of Business, and Woosong University, Korea. In 2010 STIE Malangku\u00e7e\u00e7wara Malang has signed MoU for: faculty staff and or students exchange;&#46;&#46;&#46;<\/p>\n","protected":false},"author":1,"featured_media":0,"parent":0,"menu_order":0,"comment_status":"closed","ping_status":"closed","template":"","meta":{"_joinchat":[]},"translation":{"provider":"WPGlobus","version":"3.0.0","language":"en","enabled_languages":["id","en"],"languages":{"id":{"title":true,"content":true,"excerpt":false},"en":{"title":false,"content":false,"excerpt":false}}},"jetpack_sharing_enabled":true,"jetpack_shortlink":"https:\/\/wp.me\/P7ZLrd-1A","_links":{"self":[{"href":"https:\/\/mir.stie-mce.ac.id\/en\/wp-json\/wp\/v2\/pages\/98"}],"collection":[{"href":"https:\/\/mir.stie-mce.ac.id\/en\/wp-json\/wp\/v2\/pages"}],"about":[{"href":"https:\/\/mir.stie-mce.ac.id\/en\/wp-json\/wp\/v2\/types\/page"}],"author":[{"embeddable":true,"href":"https:\/\/mir.stie-mce.ac.id\/en\/wp-json\/wp\/v2\/users\/1"}],"replies":[{"embeddable":true,"href":"https:\/\/mir.stie-mce.ac.id\/en\/wp-json\/wp\/v2\/comments?post=98"}],"version-history":[{"count":0,"href":"https:\/\/mir.stie-mce.ac.id\/en\/wp-json\/wp\/v2\/pages\/98\/revisions"}],"wp:attachment":[{"href":"https:\/\/mir.stie-mce.ac.id\/en\/wp-json\/wp\/v2\/media?parent=98"}],"curies":[{"name":"wp","href":"https:\/\/api.w.org\/{rel}","templated":true}]}}